{"id":94,"date":"2024-03-21T22:07:15","date_gmt":"2024-03-21T22:07:15","guid":{"rendered":"https:\/\/okurettindi.is\/?page_id=94"},"modified":"2024-07-03T12:33:22","modified_gmt":"2024-07-03T12:33:22","slug":"skipulag-okunams","status":"publish","type":"page","link":"https:\/\/okurettindi.is\/?page_id=94","title":{"rendered":"Skipulag \u00f6kun\u00e1ms"},"content":{"rendered":"\n<div class=\"wp-block-cover alignfull our-features\" style=\"min-height:155px;aspect-ratio:unset;\"><span aria-hidden=\"true\" class=\"wp-block-cover__background has-background-dim\"><\/span><img decoding=\"async\" class=\"wp-block-cover__image-background wp-image-735\" alt=\"\" src=\"https:\/\/okurettindi.is\/wp-content\/themes\/driving-school-lite\/block-patterns\/images\/features-bg-img.png\" data-object-fit=\"cover\"\/><div class=\"wp-block-cover__inner-container is-layout-flow wp-block-cover-is-layout-flow\">\n<h2 class=\"wp-block-heading has-text-align-center\">Finna \u00f6kuennara <\/h2>\n\n\n\n<h2 class=\"wp-block-heading has-text-align-center\">S\u00e6kja um \u00f6kusk\u00edrtreini (n\u00e1msheimild) hj\u00e1 s\u00fdslumanni. <a href=\"https:\/\/island.is\/fyrsta-okuskirteini-namsheimild\" data-type=\"link\" data-id=\"https:\/\/island.is\/fyrsta-okuskirteini-namsheimild\">https:\/\/island.is\/fyrsta-okuskirteini-namsheimild<\/a><\/h2>\n\n\n\n<p><\/p>\n<\/div><\/div>\n","protected":false},"excerpt":{"rendered":"","protected":false},"author":1,"featured_media":0,"parent":0,"menu_order":0,"comment_status":"closed","ping_status":"closed","template":"","meta":{"footnotes":""},"class_list":["post-94","page","type-page","status-publish","hentry"],"_links":{"self":[{"href":"https:\/\/okurettindi.is\/index.php?rest_route=\/wp\/v2\/pages\/94","targetHints":{"allow":["GET"]}}],"collection":[{"href":"https:\/\/okurettindi.is\/index.php?rest_route=\/wp\/v2\/pages"}],"about":[{"href":"https:\/\/okurettindi.is\/index.php?rest_route=\/wp\/v2\/types\/page"}],"author":[{"embeddable":true,"href":"https:\/\/okurettindi.is\/index.php?rest_route=\/wp\/v2\/users\/1"}],"replies":[{"embeddable":true,"href":"https:\/\/okurettindi.is\/index.php?rest_route=%2Fwp%2Fv2%2Fcomments&post=94"}],"version-history":[{"count":4,"href":"https:\/\/okurettindi.is\/index.php?rest_route=\/wp\/v2\/pages\/94\/revisions"}],"predecessor-version":[{"id":166,"href":"https:\/\/okurettindi.is\/index.php?rest_route=\/wp\/v2\/pages\/94\/revisions\/166"}],"wp:attachment":[{"href":"https:\/\/okurettindi.is\/index.php?rest_route=%2Fwp%2Fv2%2Fmedia&parent=94"}],"curies":[{"name":"wp","href":"https:\/\/api.w.org\/{rel}","templated":true}]}}