{"id":15,"date":"2019-01-29T16:28:29","date_gmt":"2019-01-29T16:28:29","guid":{"rendered":"http:\/\/okurettindi.is\/?page_id=15"},"modified":"2024-06-01T22:43:06","modified_gmt":"2024-06-01T22:43:06","slug":"um-okukennarann","status":"publish","type":"page","link":"https:\/\/okurettindi.is\/?page_id=15","title":{"rendered":"Um \u00f6kukennarann"},"content":{"rendered":"<div id=\"pl-15\"  class=\"panel-layout\" ><div id=\"pg-15-0\"  class=\"panel-grid panel-no-style\" ><div id=\"pgc-15-0-0\"  class=\"panel-grid-cell\" ><div id=\"panel-15-0-0-0\" class=\"so-panel widget widget_sow-image panel-first-child panel-last-child\" data-index=\"0\" ><div\n\t\t\t\n\t\t\tclass=\"so-widget-sow-image so-widget-sow-image-default-dbf295114b96-15\"\n\t\t\t\n\t\t>\n\n<div class=\"sow-image-container\">\n\t\t<img loading=\"lazy\" decoding=\"async\" src=\"https:\/\/okurettindi.is\/wp-content\/uploads\/2019\/01\/10348467_10152224627133705_7105697866406365475_n.jpg\" width=\"533\" height=\"725\" srcset=\"https:\/\/okurettindi.is\/wp-content\/uploads\/2019\/01\/10348467_10152224627133705_7105697866406365475_n.jpg 533w, https:\/\/okurettindi.is\/wp-content\/uploads\/2019\/01\/10348467_10152224627133705_7105697866406365475_n-221x300.jpg 221w, https:\/\/okurettindi.is\/wp-content\/uploads\/2019\/01\/10348467_10152224627133705_7105697866406365475_n-44x60.jpg 44w\" sizes=\"auto, (max-width: 533px) 100vw, 533px\" alt=\"\" \t\tclass=\"so-widget-image\"\/>\n\t<\/div>\n\n<\/div><\/div><\/div><div id=\"pgc-15-0-1\"  class=\"panel-grid-cell\" ><div id=\"panel-15-0-1-0\" class=\"so-panel widget widget_sow-editor panel-first-child panel-last-child\" data-index=\"1\" ><div\n\t\t\t\n\t\t\tclass=\"so-widget-sow-editor so-widget-sow-editor-base\"\n\t\t\t\n\t\t>\n<div class=\"siteorigin-widget-tinymce textwidget\">\n\t<p>\u00c9g heiti \u00d3lafur Gunnar S\u00e6varsson og er \u00f6kukennari og l\u00f6gregluma\u00f0ur. \u00c9g er f\u00e6ddur \u00e1ri\u00f0 1980 og er fj\u00f6lskylduma\u00f0ur og er mikill \u00e1hugama\u00f0ur um b\u00edla og umfer\u00f0ar\u00f6ryggism\u00e1l. Ef \u00fe\u00fa villt l\u00e6ra hj\u00e1 metna\u00f0arfullum, \u00feolinm\u00f3\u00f0um \u00f6kukennara me\u00f0 r\u00f3lega og \u00fe\u00e6gilega n\u00e6rveru og villt ver\u00f0a g\u00f3\u00f0ur fyrirmyndar \u00f6kuma\u00f0ur \u00fe\u00e1 m\u00e1ttu hafa samband.<\/p>\n<\/div>\n<\/div><\/div><\/div><\/div><\/div>","protected":false},"excerpt":{"rendered":"<p>\u00c9g heiti \u00d3lafur Gunnar S\u00e6varsson og er \u00f6kukennari og l\u00f6gregluma\u00f0ur. \u00c9g er f\u00e6ddur \u00e1ri\u00f0 1980 og er fj\u00f6lskylduma\u00f0ur og er mikill \u00e1hugama\u00f0ur um b\u00edla og umfer\u00f0ar\u00f6ryggism\u00e1l. Ef \u00fe\u00fa villt l\u00e6ra hj\u00e1 metna\u00f0arfullum, \u00feolinm\u00f3\u00f0um \u00f6kukennara me\u00f0 r\u00f3lega og \u00fe\u00e6gilega n\u00e6rveru og villt ver\u00f0a g\u00f3\u00f0ur fyrirmyndar \u00f6kuma\u00f0ur \u00fe\u00e1 m\u00e1ttu hafa samband.<\/p>\n","protected":false},"author":1,"featured_media":0,"parent":0,"menu_order":0,"comment_status":"closed","ping_status":"closed","template":"","meta":{"footnotes":""},"class_list":["post-15","page","type-page","status-publish","hentry"],"_links":{"self":[{"href":"https:\/\/okurettindi.is\/index.php?rest_route=\/wp\/v2\/pages\/15","targetHints":{"allow":["GET"]}}],"collection":[{"href":"https:\/\/okurettindi.is\/index.php?rest_route=\/wp\/v2\/pages"}],"about":[{"href":"https:\/\/okurettindi.is\/index.php?rest_route=\/wp\/v2\/types\/page"}],"author":[{"embeddable":true,"href":"https:\/\/okurettindi.is\/index.php?rest_route=\/wp\/v2\/users\/1"}],"replies":[{"embeddable":true,"href":"https:\/\/okurettindi.is\/index.php?rest_route=%2Fwp%2Fv2%2Fcomments&post=15"}],"version-history":[{"count":10,"href":"https:\/\/okurettindi.is\/index.php?rest_route=\/wp\/v2\/pages\/15\/revisions"}],"predecessor-version":[{"id":162,"href":"https:\/\/okurettindi.is\/index.php?rest_route=\/wp\/v2\/pages\/15\/revisions\/162"}],"wp:attachment":[{"href":"https:\/\/okurettindi.is\/index.php?rest_route=%2Fwp%2Fv2%2Fmedia&parent=15"}],"curies":[{"name":"wp","href":"https:\/\/api.w.org\/{rel}","templated":true}]}}